{"id":656,"date":"2026-04-08T23:44:11","date_gmt":"2026-04-09T03:44:11","guid":{"rendered":"https:\/\/resiter.com\/\/sustainability\/"},"modified":"2026-04-16T12:45:43","modified_gmt":"2026-04-16T16:45:43","slug":"sustainability","status":"publish","type":"page","link":"https:\/\/new-resiter.somosforma.com\/en\/sustainability\/","title":{"rendered":"Sustainability"},"content":{"rendered":"\n<section id=\"hero-skew-block_a25c9ffa487654fa0bb5fe5b398eecef\" class=\"hero-skew\">\n    <div class=\"hero-skew__content\">\n        \n                    <p class=\"hero-skew__description\">\n                En Resiter integramos la sostenibilidad en toda nuestra gesti\u00f3n, incluyendo las buenas pr\u00e1cticas de gobierno corporativo y los aspectos sociales y econ\u00f3micos. Nuestro compromiso va m\u00e1s all\u00e1 de la operaci\u00f3n; buscamos generar un impacto positivo en todos los grupos de inter\u00e9s con los que nos relacionamos. \r\n\r\nDurante el 2026, nos hemos propuesto a medir de forma integral nuestro desempe\u00f1o en sostenibilidad, conscientes de que ser\u00e1 la mejor forma de trazar un camino efectivo hacia un futuro m\u00e1s responsable.            <\/p>\n            <\/div>\n\n    <img decoding=\"async\"\n        src=\"https:\/\/new-resiter.somosforma.com\/wp-content\/uploads\/2026\/04\/waves-decorate.svg\"\n        alt=\"Decorative waves\"\n        class=\"hero-skew__decoration\" \/>\n<\/section>\n<div id=\"our-commitments-block_52b075e01dd26358edee6a2531aee7fa\" class=\"our-commitments\">\n            <h2 class=\"our-commitments__title\">Nuestros compromisos<\/h2>\n    \n            <section class=\"features\">\n                        <article class=\"feature-banner feature--small\">\n                                    <img decoding=\"async\"\n                        src=\"https:\/\/new-resiter.somosforma.com\/wp-content\/uploads\/2026\/04\/Subtract-1-1.webp\"\n                        alt=\"Gobierno Corporativo\"\n                        class=\"feature-banner__image\"\n                    \/>\n                \n                <div class=\"feature-banner__content\">\n                    <div class=\"feature-banner__content-left\">\n                        <h3 class=\"feature-banner__title\">Gobierno Corporativo<\/h3>\n                    <\/div>\n                    <div class=\"feature-banner__content-right\">\n                        <p>\n                            Nuestro compromiso es consolidar a Resiter como una empresa l\u00edder y reconocida en la gesti\u00f3n de residuos y en la creaci\u00f3n de modelos de econom\u00eda circular. Este prop\u00f3sito se concreta a trav\u00e9s de una gesti\u00f3n \u00e9tica, transparente y responsable, que impulsa decisiones sostenibles, fomenta la innovaci\u00f3n y promueve una cultura organizacional alineada con los m\u00e1s altos est\u00e1ndares de buen gobierno corporativo. \r\n\r\nLineamientos claves:\r\n\r\nPol\u00edtica de Sostenibilidad\r\nPol\u00edtica de Derechos Humanos\r\nPol\u00edtica de Relacionamiento con grupos de inter\u00e9s\r\nPol\u00edtica de Seguridad, Salud Ocupacional, Medio Ambiente y Calidad\r\nPol\u00edtica de Diversidad e Inclusi\u00f3n\r\nC\u00f3digo de conducta\r\nPortal de Integridad                        <\/p>\n                    <\/div>\n                <\/div>\n            <\/article>\n                    <\/section>\n    <\/div>\n","protected":false},"excerpt":{"rendered":"","protected":false},"author":1,"featured_media":1182,"parent":0,"menu_order":0,"comment_status":"closed","ping_status":"closed","template":"","meta":{"_acf_changed":false,"footnotes":""},"class_list":["post-656","page","type-page","status-publish","has-post-thumbnail","hentry"],"acf":[],"_links":{"self":[{"href":"https:\/\/new-resiter.somosforma.com\/en\/wp-json\/wp\/v2\/pages\/656","targetHints":{"allow":["GET"]}}],"collection":[{"href":"https:\/\/new-resiter.somosforma.com\/en\/wp-json\/wp\/v2\/pages"}],"about":[{"href":"https:\/\/new-resiter.somosforma.com\/en\/wp-json\/wp\/v2\/types\/page"}],"author":[{"embeddable":true,"href":"https:\/\/new-resiter.somosforma.com\/en\/wp-json\/wp\/v2\/users\/1"}],"replies":[{"embeddable":true,"href":"https:\/\/new-resiter.somosforma.com\/en\/wp-json\/wp\/v2\/comments?post=656"}],"version-history":[{"count":1,"href":"https:\/\/new-resiter.somosforma.com\/en\/wp-json\/wp\/v2\/pages\/656\/revisions"}],"predecessor-version":[{"id":658,"href":"https:\/\/new-resiter.somosforma.com\/en\/wp-json\/wp\/v2\/pages\/656\/revisions\/658"}],"wp:featuredmedia":[{"embeddable":true,"href":"https:\/\/new-resiter.somosforma.com\/en\/wp-json\/wp\/v2\/media\/1182"}],"wp:attachment":[{"href":"https:\/\/new-resiter.somosforma.com\/en\/wp-json\/wp\/v2\/media?parent=656"}],"curies":[{"name":"wp","href":"https:\/\/api.w.org\/{rel}","templated":true}]}}